{"id":2393,"date":"2024-04-13T09:37:31","date_gmt":"2024-04-13T09:37:31","guid":{"rendered":"https:\/\/rma.gr\/?page_id=2393"},"modified":"2025-07-22T09:44:08","modified_gmt":"2025-07-22T09:44:08","slug":"vascular-surgery-department","status":"publish","type":"page","link":"https:\/\/rma.gr\/fr\/vascular-surgery-department\/","title":{"rendered":"Vascular Surgery Department"},"content":{"rendered":"<p>[et_pb_section fb_built=&#8221;1&#8243; _builder_version=&#8221;4.23.1&#8243; _module_preset=&#8221;default&#8221; custom_padding=&#8221;5%||5%||true|false&#8221; global_colors_info=&#8221;{}&#8221;][et_pb_row column_structure=&#8221;1_2,1_2&#8243; _builder_version=&#8221;4.23.1&#8243; _module_preset=&#8221;default&#8221; global_colors_info=&#8221;{}&#8221;][et_pb_column type=&#8221;1_2&#8243; _builder_version=&#8221;4.23.1&#8243; _module_preset=&#8221;default&#8221; global_colors_info=&#8221;{}&#8221;][et_pb_text _builder_version=&#8221;4.23.1&#8243; _module_preset=&#8221;default&#8221; global_colors_info=&#8221;{}&#8221;]<\/p>\n<h2><span style=\"color: #ff0000;\">Vascular Surgery<\/span><br \/><span style=\"color: #ff0000;\">Department<\/span><\/h2>\n<p>Le chirurgien vasculaire, M. Georgios Koustas, MD, PhD., est directeur des deux cliniques les plus organis\u00e9es en Gr\u00e8ce, la Clinique de Chirurgie Vasculaire et la Clinique du Pied Diab\u00e9tique, faisant partie du groupe Centre M\u00e9dical d\u2019Ath\u00e8nes.<\/p>\n<p>Il est \u00e9galement fondateur de la Clinique de Chirurgie Vasculaire d\u2019Ath\u00e8nes, qui offre une multitude de services de haut niveau, \u00e9quip\u00e9e de mat\u00e9riel technologique moderne et d\u2019un personnel scientifique sp\u00e9cialis\u00e9.<\/p>\n<p>Il a suivi une formation compl\u00e9mentaire dans des universit\u00e9s en France, en Allemagne et au Br\u00e9sil, tandis que sa formation principale a eu lieu \u00e0 l\u2019Universit\u00e9 Loyola et s\u2019est achev\u00e9e \u00e0 l\u2019Universit\u00e9 Harvard.<\/p>\n<p>Les t\u00e9langiectasies sont une condition o\u00f9 de petits vaisseaux bris\u00e9s ou dilat\u00e9s pr\u00e8s de la surface de la peau forment un r\u00e9seau de lignes visibles.<\/p>\n<p>Types de t\u00e9langiectasies :<br \/>T\u00e9langiectasie simple<br \/>Arboris\u00e9e (ressemblant \u00e0 des branches d\u2019arbre)<br \/>En forme d\u2019araign\u00e9e<br \/>Ponctu\u00e9e (ressemblant \u00e0 des points)<br \/>T\u00e9langiectasies faciales (g\u00e9n\u00e9ralement autour du nez)<\/p>\n<p>Comment deviennent-elles visibles ?<br \/>Elles peuvent appara\u00eetre bleues (lorsque le sang veineux est pr\u00e9sent) ou rouges (lorsque le sang art\u00e9riel est pr\u00e9sent).<br \/>Scl\u00e9roth\u00e9rapie \u2013 Injection d\u2019un m\u00e9dicament dans la veine, causant la destruction locale de celle-ci, et l\u2019obstruction permanente par le tissu fibreux produit par le corps pendant la gu\u00e9rison.<br \/>Elle est g\u00e9n\u00e9ralement utilis\u00e9e pour les l\u00e9sions de plus grand diam\u00e8tre, de couleur bleue ou violette.<\/p>\n<p>Laser \u2013 Le faisceau laser cible le vaisseau dilat\u00e9, le br\u00fble, et celui-ci est bloqu\u00e9 de mani\u00e8re permanente par le tissu fibreux produit lors de la gu\u00e9rison. Il est principalement utilis\u00e9 pour les l\u00e9sions de petit diam\u00e8tre de couleur rouge.<br \/>Ces deux m\u00e9thodes atteignent la \u00ab disparition \u00bb permanente des vaisseaux dilat\u00e9s inesth\u00e9tiques car la paroi est bloqu\u00e9e de mani\u00e8re permanente par le corps lui-m\u00eame, et le sang ne passe plus, effa\u00e7ant \u00e0 jamais le r\u00e9seau de lignes inesth\u00e9tiques cr\u00e9\u00e9es lorsque les petits vaisseaux superficiels dilat\u00e9s sont remplis de sang.<\/p>\n<p>[\/et_pb_text][\/et_pb_column][et_pb_column type=&#8221;1_2&#8243; _builder_version=&#8221;4.23.1&#8243; _module_preset=&#8221;default&#8221; global_colors_info=&#8221;{}&#8221;][et_pb_image src=&#8221;https:\/\/rma.gr\/wp-content\/uploads\/2024\/04\/koustas_george.jpg&#8221; title_text=&#8221;koustas_george&#8221; _builder_version=&#8221;4.23.1&#8243; _module_preset=&#8221;default&#8221; global_colors_info=&#8221;{}&#8221;][\/et_pb_image][\/et_pb_column][\/et_pb_row][et_pb_row _builder_version=&#8221;4.27.4&#8243; _module_preset=&#8221;default&#8221;][et_pb_column _builder_version=&#8221;4.27.4&#8243; _module_preset=&#8221;default&#8221; type=&#8221;4_4&#8243;][et_pb_video_slider _builder_version=&#8221;4.27.4&#8243; _module_preset=&#8221;default&#8221; show_image_overlay=&#8221;on&#8221; background_color=&#8221;RGBA(255,255,255,0)&#8221; play_icon_color=&#8221;RGBA(178,210,53,0.6)&#8221; hover_enabled=&#8221;0&#8243; sticky_enabled=&#8221;0&#8243; thumbnail_overlay_color=&#8221;RGBA(0,46,109,0.6)&#8221; controls_color=&#8221;light&#8221; max_width=&#8221;100%&#8221; border_radii=&#8221;on|10px|10px|10px|10px&#8221; border_color_all=&#8221;RGBA(0,46,109,0.6)&#8221;][et_pb_video_slider_item src=&#8221;https:\/\/www.youtube.com\/watch?v=EOe9xYI2Os0&#8243; _builder_version=&#8221;4.27.4&#8243; _module_preset=&#8221;default&#8221; show_image_overlay=&#8221;on&#8221; hover_enabled=&#8221;0&#8243; sticky_enabled=&#8221;0&#8243;][\/et_pb_video_slider_item][et_pb_video_slider_item src=&#8221;https:\/\/www.youtube.com\/watch?v=4hFjHFCE7Ls&#8221; _builder_version=&#8221;4.27.4&#8243; _module_preset=&#8221;default&#8221; show_image_overlay=&#8221;on&#8221; hover_enabled=&#8221;0&#8243; sticky_enabled=&#8221;0&#8243;][\/et_pb_video_slider_item][et_pb_video_slider_item src=&#8221;https:\/\/www.youtube.com\/watch?v=lotXmorxgQQ&#8221; _builder_version=&#8221;4.27.4&#8243; _module_preset=&#8221;default&#8221; show_image_overlay=&#8221;on&#8221; hover_enabled=&#8221;0&#8243; sticky_enabled=&#8221;0&#8243;][\/et_pb_video_slider_item][et_pb_video_slider_item src=&#8221;https:\/\/www.youtube.com\/watch?v=z9MNKRlFVPA&#038;t=66s&#8221; _builder_version=&#8221;4.27.4&#8243; _module_preset=&#8221;default&#8221; show_image_overlay=&#8221;on&#8221; hover_enabled=&#8221;0&#8243; sticky_enabled=&#8221;0&#8243;][\/et_pb_video_slider_item][et_pb_video_slider_item src=&#8221;https:\/\/www.youtube.com\/watch?v=Dgno3SVF98k&#8221; _builder_version=&#8221;4.27.4&#8243; _module_preset=&#8221;default&#8221; show_image_overlay=&#8221;on&#8221; hover_enabled=&#8221;0&#8243; sticky_enabled=&#8221;0&#8243;][\/et_pb_video_slider_item][\/et_pb_video_slider][\/et_pb_column][\/et_pb_row][\/et_pb_section]<\/p>","protected":false},"excerpt":{"rendered":"<p>Vascular SurgeryDepartment The vascular surgeon, Mr. Georgios Koustas, MD, PhD., is the director of the two most organized clinics in Greece, the Vascular Surgery Clinic and the Diabetic Foot Clinic, part of the Athens Medical Center group. He is also the founder of the Athens Vascular Surgery Clinic, which provides a plethora of high-level services, [&hellip;]<\/p>","protected":false},"author":1,"featured_media":0,"parent":0,"menu_order":7,"comment_status":"closed","ping_status":"closed","template":"","meta":{"_et_pb_use_builder":"on","_et_pb_old_content":"","_et_gb_content_width":"","footnotes":""},"class_list":["post-2393","page","type-page","status-publish","hentry"],"_links":{"self":[{"href":"https:\/\/rma.gr\/fr\/wp-json\/wp\/v2\/pages\/2393","targetHints":{"allow":["GET"]}}],"collection":[{"href":"https:\/\/rma.gr\/fr\/wp-json\/wp\/v2\/pages"}],"about":[{"href":"https:\/\/rma.gr\/fr\/wp-json\/wp\/v2\/types\/page"}],"author":[{"embeddable":true,"href":"https:\/\/rma.gr\/fr\/wp-json\/wp\/v2\/users\/1"}],"replies":[{"embeddable":true,"href":"https:\/\/rma.gr\/fr\/wp-json\/wp\/v2\/comments?post=2393"}],"version-history":[{"count":10,"href":"https:\/\/rma.gr\/fr\/wp-json\/wp\/v2\/pages\/2393\/revisions"}],"predecessor-version":[{"id":3170,"href":"https:\/\/rma.gr\/fr\/wp-json\/wp\/v2\/pages\/2393\/revisions\/3170"}],"wp:attachment":[{"href":"https:\/\/rma.gr\/fr\/wp-json\/wp\/v2\/media?parent=2393"}],"curies":[{"name":"wp","href":"https:\/\/api.w.org\/{rel}","templated":true}]}}